{"id":16940,"date":"2026-03-23T09:55:57","date_gmt":"2026-03-23T08:55:57","guid":{"rendered":"https:\/\/chaudfontaine.theoutsidercoast.be\/pratique\/"},"modified":"2026-05-08T16:02:01","modified_gmt":"2026-05-08T14:02:01","slug":"pratique","status":"publish","type":"page","link":"https:\/\/chaudfontaine.theoutsidercoast.be\/fr\/pratique\/","title":{"rendered":"Pratique"},"content":{"rendered":"<!--\n    Title: WPML FIX\n-->\n\n<!-- block to add a invisible description field on first block of page -->\n<!--\n Title: Intro\n-->\n\n<section class=\"gc-section gc-section--no-separator\">\n    \n    <div\n        class=\"gc-section__inner gc-intro gc-intro--with-logo\">\n        <!--\n    Title: Container\n    Mode: preview\n    SupportsJSX: true\n    Blueprint: false\n-->\n\n\n<div class=\"gc-container gc-container--has-padding gc-intro__container\"\n    >\n    <div class=\"gc-intro__uppertitle fs-zilla-small\">Pratique<\/div>\n                <h1 class=\"gc-intro__title h2\">\n            Que devez-vous savoir ?\n        <\/h1>\n                    <div class=\"gc-intro__subtitle\">\n                <p>Planifiez votre visite sans stress. D\u00e9couvrez o\u00f9 nous trouver et comment nous rejoindre facilement. D&#8217;autres questions sur les activit\u00e9s, nos conditions, le domaine ? Consultez notre foire aux questions.   <\/p>\n\n            <\/div>\n                            <div class=\"gc-intro__buttons\">\n                                                                                                                                                <a\n        href=\"#Bereikbaarheid\" class=\"gc-button gc-button--arrow gc-button--transparent\">\n                    Acc\u00e8s\n        \n                    <span class=\"gc-button__arrow\">&gt;&gt;<\/span>\n            <\/a>\n                                            <a\n        href=\"#Veelgestelde-vragen\" class=\"gc-button gc-button--arrow gc-button--transparent\">\n                    Questions fr\u00e9quemment pos\u00e9es\n        \n                    <span class=\"gc-button__arrow\">&gt;&gt;<\/span>\n            <\/a>\n                                    <\/div>\n                            <img decoding=\"async\" width=\"263\" height=\"164\" src=\"https:\/\/cdn.theoutsidercoast.be\/wp-content\/uploads\/sites\/5\/Stamps-2.png\" class=\"gc-intro__image gc-intro__image--logo\" alt=\"\" \/>\n<\/div>\n    <\/div>\n\n    \n    <\/section>\n<!--\n Title: Icons\n-->\n\n<section class=\"gc-section gc-section--reverse-sep gc-section--negative-margin-bottom gc-section--white\">\n                        <div class=\"gc-section__separator-spacer\"><\/div>\n            \n    <div\n        id=\"Bereikbaarheid\" class=\"gc-section__inner gc-icons\">\n        <!--\n    Title: Container\n    Mode: preview\n    SupportsJSX: true\n    Blueprint: false\n-->\n\n\n<div class=\"gc-container gc-container--has-padding\"\n    >\n    <div class=\"gc-icons__top\">\n            <div>\n                                <h2 class=\"gc-icons__title\">\n                    Acc\u00e8s\n                <\/h2>\n            <\/div>\n                    <\/div>\n                    <div class=\"gc-icons__icons gc-icons__icons--3\">\n                                    <div>\n                        <img decoding=\"async\" width=\"31\" height=\"20\" src=\"https:\/\/cdn.theoutsidercoast.be\/wp-content\/uploads\/sites\/5\/Icon-auto.svg\" class=\"gc-icons__icon\" alt=\"\" \/>                        <h3 class=\"gc-icons__item-title h5\">En voiture<\/h3>\n                        <div class=\"gc-icons__item-description\"><p><span style=\"font-weight: 400\">L&#8217;adresse est la suivante <\/span><span style=\"font-weight: 400\">Rue du XIII Ao\u00fbt 42, 4050 Chaudfontaine, Belgique. <\/span> <\/p>\n<p><span style=\"font-weight: 400\">Le fort est situ\u00e9 sur une petite colline juste \u00e0 l&#8217;ext\u00e9rieur du centre de Chaudfontaine. Au Delhaize de Chaudfontaine, prenez la direction de l&#8217;h\u00f4tel Le Ch\u00e2teau Des Thermes. Traversez ensuite le petit pont et montez la colline en direction du fort.  <\/span><\/p>\n<p><span style=\"font-weight: 400\">Au sommet de la colline se trouve un grand <\/span><span style=\"font-weight: 400\">libre <\/span> <span style=\"font-weight: 400\">o\u00f9 vous pouvez garer votre voiture. Ce parking est-il complet ? Un autre parking se trouve \u00e0 11 minutes de marche, \u00e0 l&#8217;ouest de la ville.  <\/span><\/p>\n<\/div>\n                    <\/div>\n                                    <div>\n                        <img decoding=\"async\" width=\"25\" height=\"31\" src=\"https:\/\/cdn.theoutsidercoast.be\/wp-content\/uploads\/sites\/5\/Icon-trein.svg\" class=\"gc-icons__icon\" alt=\"\" \/>                        <h3 class=\"gc-icons__item-title h5\">Par les transports publics<\/h3>\n                        <div class=\"gc-icons__item-description\"><p><span style=\"font-weight: 400\">Chaudfontaine n&#8217;est pas loin de Li\u00e8ge, la gare de Li\u00e8ge-Guillemins est non seulement une tr\u00e8s belle gare mais aussi tr\u00e8s facile d&#8217;acc\u00e8s. Elle est facilement accessible depuis toutes les grandes villes de Belgique. En outre, la gare est \u00e9galement accessible au niveau international depuis l&#8217;Allemagne, la France, les Pays-Bas et le Luxembourg gr\u00e2ce aux trains Eurostar, ICE et InterCity.  <\/span><\/p>\n<p><span style=\"font-weight: 400\">Depuis la gare de Li\u00e8ge-Guillemins, vous \u00eates \u00e0 11 minutes de la gare de Chaudfontaine en train ou \u00e0 20 minutes en bus. Montez ensuite la colline sur 2 kilom\u00e8tres en direction de la forteresse.   <\/span><\/p>\n<p><span style=\"font-weight: 400\">Attention, il s&#8217;agit d&#8217;une pente raide (de 76 m\u00e8tres \u00e0 126 m\u00e8tres) et donc assez difficile. La randonn\u00e9e dure environ 40 minutes. <\/span><\/p>\n<\/div>\n                    <\/div>\n                                    <div>\n                        <img decoding=\"async\" width=\"47\" height=\"29\" src=\"https:\/\/cdn.theoutsidercoast.be\/wp-content\/uploads\/sites\/5\/Icon-fiets.svg\" class=\"gc-icons__icon\" alt=\"\" \/>                        <h3 class=\"gc-icons__item-title h5\">Par bicyclette<\/h3>\n                        <div class=\"gc-icons__item-description\"><p><span style=\"font-weight: 400\">Les collines verdoyantes de Chaudfontaine offrent un cadre magnifique aux cyclistes sportifs et m\u00eame aux v\u00e9t\u00e9tistes. Attention toutefois, les collines sont assez difficiles et ne conviennent donc pas \u00e0 tout le monde. <\/span><\/p>\n<p><span style=\"font-weight: 400\">Un vaste espace de rangement pour les v\u00e9los est disponible sur place.<\/span><\/p>\n<\/div>\n                    <\/div>\n                            <\/div>\n<\/div>\n    <\/div>\n\n    \n    <\/section>\n<!--\n    Title: FAQ Overview\n-->\n\n<section class=\"gc-section gc-section--reverse-sep gc-section--white\">\n                        <div class=\"gc-section__separator-spacer\"><\/div>\n            \n    <div\n        id=\"Veelgestelde-vragen\" class=\"gc-section__inner gc-faq-overview\">\n        <!--\n    Title: Container\n    Mode: preview\n    SupportsJSX: true\n    Blueprint: false\n-->\n\n\n<div class=\"gc-container gc-container--has-padding gc-faq-overview__container\" x-data=\"faq(false)\" id=\"overview\"\n    >\n    <div class=\"gc-faq-overview__top-content\">\n            <div class=\"fs-zilla-small\">FAQ  <\/div>\n            <h2 class=\"gc-faq-overview__title\">Questions fr\u00e9quemment pos\u00e9es  <\/h2>\n        <\/div>\n        <div wire:snapshot=\"{&quot;data&quot;:{&quot;search&quot;:&quot;&quot;,&quot;perPage&quot;:10,&quot;currentCategory&quot;:&quot;&quot;,&quot;activePage&quot;:1,&quot;totalResults&quot;:0,&quot;pages&quot;:0,&quot;lastTrackedSearch&quot;:&quot;&quot;,&quot;allowedCategoryIds&quot;:[[219,218,176,177,178],{&quot;s&quot;:&quot;arr&quot;}]},&quot;memo&quot;:{&quot;id&quot;:&quot;ilpn5s9MbFzIl1NNGiqU&quot;,&quot;name&quot;:&quot;faq-overview&quot;,&quot;path&quot;:&quot;fr\\\/wp-json\\\/wp\\\/v2\\\/pages\\\/16940&quot;,&quot;method&quot;:&quot;GET&quot;,&quot;release&quot;:&quot;a-a-a&quot;,&quot;children&quot;:[],&quot;scripts&quot;:[],&quot;assets&quot;:[],&quot;errors&quot;:[],&quot;locale&quot;:&quot;en_US&quot;},&quot;checksum&quot;:&quot;3820149895b5c2b433b289a271a51c9d10f1a8c0ff752c9fb7a8114fa512d8f2&quot;}\" wire:effects=\"[]\" wire:id=\"ilpn5s9MbFzIl1NNGiqU\">\n    <div class=\"gc-faq-overview__top\">\n        <fieldset class=\"gc-faq-overview__search\">\n            <svg class='gc-faq-overview__search-icon' width=\"24\" height=\"25\" viewBox=\"0 0 24 25\" fill=\"none\" xmlns=\"http:\/\/www.w3.org\/2000\/svg\">\n<path d=\"M10 18.7402C11.775 18.7399 13.4988 18.1457 14.897 17.0522L19.293 21.4482L20.707 20.0342L16.311 15.6382C17.405 14.2399 17.9996 12.5157 18 10.7402C18 6.32923 14.411 2.74023 10 2.74023C5.589 2.74023 2 6.32923 2 10.7402C2 15.1512 5.589 18.7402 10 18.7402ZM10 4.74023C13.309 4.74023 16 7.43123 16 10.7402C16 14.0492 13.309 16.7402 10 16.7402C6.691 16.7402 4 14.0492 4 10.7402C4 7.43123 6.691 4.74023 10 4.74023Z\" \/>\n<\/svg>\n            <input class=\"gc-faq-overview__search-input\" type=\"search\" placeholder=\"Search\"\n                wire:model.live.debounce.800ms=\"search\">\n            <!--[if BLOCK]><![endif]-->    <!--[if BLOCK]><![endif]--><!--[if ENDBLOCK]><![endif]-->    <!--[if BLOCK]><![endif]-->        <button class=\"gc-button gc-button--arrow gc-faq-overview__search-button\" type=\"button\">\n            Search\n            <!--[if BLOCK]><![endif]-->                <span class=\"gc-button__arrow\">&gt;&gt;<\/span>\n            <!--[if ENDBLOCK]><![endif]-->        <\/button>\n    <!--[if ENDBLOCK]><![endif]--><!--[if ENDBLOCK]><![endif]-->        <\/fieldset>\n        <!--[if BLOCK]><![endif]--><!--[if ENDBLOCK]><![endif]-->        <div class=\"gc-faq-overview__bottom\">\n            <ul class=\"gc-faq-overview__categories\">\n                <!--[if BLOCK]><![endif]--><!--[if ENDBLOCK]><![endif]-->            <\/ul>\n        <\/div>\n    <\/div>\n    <!--[if BLOCK]><![endif]-->        <div class=\"gc-empty-message\">\n    <div><p>Vous n&#8217;avez pas trouv\u00e9 ce que vous cherchiez ? Pas de souci, faites-le-nous savoir et nous r\u00e9fl\u00e9chirons avec vous.<br \/>\nEnsemble, nous construirons l&#8217;aventure id\u00e9ale !<\/p>\n<\/div>\n    <!--[if BLOCK]><![endif]-->    <!--[if BLOCK]><![endif]-->        <!--[if BLOCK]><![endif]-->    <a\n        href=\"https:\/\/chaudfontaine.theoutsidercoast.be\/fr\/contact\/\" class=\"gc-button gc-button--arrow gc-empty-message__button\">\n        <!--[if BLOCK]><![endif]-->            Contactez nous\n        <!--[if ENDBLOCK]><![endif]-->\n        <!--[if BLOCK]><![endif]-->            <!--[if BLOCK]><![endif]-->                <span class=\"gc-button__arrow\">&gt;&gt;<\/span>\n            <!--[if ENDBLOCK]><![endif]-->\n        <!--[if ENDBLOCK]><![endif]-->    <\/a>\n<!--[if ENDBLOCK]><![endif]-->    <!--[if ENDBLOCK]><![endif]-->    <!--[if BLOCK]><![endif]--><!--[if ENDBLOCK]><![endif]--><!--[if ENDBLOCK]><![endif]--><\/div>\n    <!--[if ENDBLOCK]><![endif]--><\/div>\n<script>\n    document.addEventListener('livewire:init', () => {\n        Livewire.on('track-search', (data) => {\n            const query = data.query?.trim();\n            if (!query) return;\n\n            window.dataLayer = window.dataLayer || [];\n            window.dataLayer.push({\n                event: 'searchFaq',\n                query: query\n            });\n        });\n    });\n<\/script>\n<\/div>\n    <\/div>\n\n                        <div class=\"gc-section__separator-spacer\"><\/div>\n            \n    <\/section>\n<!--\n    Title: Additional Info\n-->\n\n\n<section class=\"gc-section gc-section--negative-margin-bottom gc-section--no-separator\">\n    \n    <div\n        class=\"gc-section__inner gc-additional-info gc-additional-info--icons\">\n        <!--\n    Title: Container\n    Mode: preview\n    SupportsJSX: true\n    Blueprint: false\n-->\n\n\n<div class=\"gc-container gc-container--has-padding gc-additional-info__container\"\n    >\n    <div>\n            <div class=\"gc-additional-info__uppertitle fs-zilla-small\">Contact  <\/div>\n            <h2 class=\"gc-additional-info__title\">\n                Vous avez encore des questions ?\n            <\/h2>\n        <\/div>\n\n        <div class=\"gc-additional-info__wrapper\">\n                                        <div class=\"gc-additional-info__icons\">\n                                            <div class=\"gc-additional-info__icon-item\">\n                            <img decoding=\"async\" width=\"32\" height=\"26\" src=\"https:\/\/cdn.theoutsidercoast.be\/wp-content\/uploads\/sites\/5\/Icon-mail.svg\" class=\"gc-additional-info__icon\" alt=\"\" \/>                            <div class=\"gc-additional-info__icon-content\">\n                                <div class=\"gc-additional-info__icon-title h5\">E-mail<\/div>\n                                <div class=\"gc-additional-info__description\"><p>Faites-le nous savoir via le <a href=\"https:\/\/chaudfontaine.theoutsidercoast.be\/fr\/contact\/\">formulaire de contact<\/a> ou par e-mail info@outsider.be<\/p>\n<\/div>\n                                                            <\/div>\n                        <\/div>\n                                            <div class=\"gc-additional-info__icon-item\">\n                            <img decoding=\"async\" width=\"33\" height=\"33\" src=\"https:\/\/cdn.theoutsidercoast.be\/wp-content\/uploads\/sites\/5\/Icon-telefoon.svg\" class=\"gc-additional-info__icon\" alt=\"\" \/>                            <div class=\"gc-additional-info__icon-content\">\n                                <div class=\"gc-additional-info__icon-title h5\">T\u00e9l\u00e9phone<\/div>\n                                <div class=\"gc-additional-info__description\"><p>Ou appelez-nous.<\/p>\n<p>+32 (0<span style=\"font-weight: 400\">)43962396<\/span><\/p>\n<\/div>\n                                                            <\/div>\n                        <\/div>\n                                    <\/div>\n            \n                    <\/div>\n<\/div>\n    <\/div>\n\n    \n    <\/section>\n","protected":false},"excerpt":{"rendered":"","protected":false},"author":1,"featured_media":0,"parent":0,"menu_order":0,"comment_status":"closed","ping_status":"closed","template":"","meta":{"_acf_changed":false,"footnotes":""},"class_list":["post-16940","page","type-page","status-publish","hentry"],"acf":[],"_links":{"self":[{"href":"https:\/\/chaudfontaine.theoutsidercoast.be\/fr\/wp-json\/wp\/v2\/pages\/16940","targetHints":{"allow":["GET"]}}],"collection":[{"href":"https:\/\/chaudfontaine.theoutsidercoast.be\/fr\/wp-json\/wp\/v2\/pages"}],"about":[{"href":"https:\/\/chaudfontaine.theoutsidercoast.be\/fr\/wp-json\/wp\/v2\/types\/page"}],"author":[{"embeddable":true,"href":"https:\/\/chaudfontaine.theoutsidercoast.be\/fr\/wp-json\/wp\/v2\/users\/1"}],"replies":[{"embeddable":true,"href":"https:\/\/chaudfontaine.theoutsidercoast.be\/fr\/wp-json\/wp\/v2\/comments?post=16940"}],"version-history":[{"count":1,"href":"https:\/\/chaudfontaine.theoutsidercoast.be\/fr\/wp-json\/wp\/v2\/pages\/16940\/revisions"}],"predecessor-version":[{"id":16941,"href":"https:\/\/chaudfontaine.theoutsidercoast.be\/fr\/wp-json\/wp\/v2\/pages\/16940\/revisions\/16941"}],"wp:attachment":[{"href":"https:\/\/chaudfontaine.theoutsidercoast.be\/fr\/wp-json\/wp\/v2\/media?parent=16940"}],"curies":[{"name":"wp","href":"https:\/\/api.w.org\/{rel}","templated":true}]}}