{"id":16959,"date":"2020-11-11T09:42:56","date_gmt":"2020-11-11T08:42:56","guid":{"rendered":"https:\/\/chaudfontaine.theoutsidercoast.be\/maison\/"},"modified":"2026-05-08T16:16:25","modified_gmt":"2026-05-08T14:16:25","slug":"maison","status":"publish","type":"page","link":"https:\/\/chaudfontaine.theoutsidercoast.be\/fr\/","title":{"rendered":"Maison"},"content":{"rendered":"<!--\n    Title: WPML FIX\n-->\n\n<!-- block to add a invisible description field on first block of page -->\n<!--\n    Title: Hero\n-->\n\n<section class=\"gc-section gc-section--negative-margin-bottom gc-section--no-separator\">\n    \n    <div\n        class=\"gc-section__inner gc-hero gc-hero--big gc-hero--with-icons gc-hero--video\">\n        <!--\n    Title: Container\n    Mode: preview\n    SupportsJSX: true\n    Blueprint: false\n-->\n\n\n<div class=\"gc-container\"\n    >\n    <div class=\"gc-hero__wrapper gc-hero__wrapper--full-width\">\n            <div>\n                                    <div class=\"gc-breadcrumbs gc-hero__breadcrumbs\">\n    <nav aria-label=\"breadcrumbs\" class=\"rank-math-breadcrumb\"><p><span class=\"last\">Home<\/span><\/p><\/nav><\/div>\n                                <h1 class=\"gc-hero__title fs-h1-display-hero\">\n                    LE TEMPS DE L&#039;AVENTURE\n                <\/h1>\n\n                            <\/div>\n            \n            \n                            <div class=\"gc-hero__search-box\">\n                    <div class=\"fs-zilla-small\">L&#039;OUTSIDER CHAUDFONTAINE<\/div>\n                                            <div class=\"gc-hero__icons gc-hero__icons--3\">\n                                                            <a class=\"gc-hero__icon-link\" href=\"#\">\n                                    <div class=\"gc-hero__icon-wrapper\">\n                                        <img decoding=\"async\" width=\"24\" height=\"24\" src=\"https:\/\/cdn.theoutsidercoast.be\/wp-content\/uploads\/sites\/5\/Vector-2.svg\" class=\"gc-hero__icon\" alt=\"\" \/>                                    <\/div>\n                                    <div class=\"h6\">Amis et famille<\/div>\n                                <\/a>\n                                                            <a class=\"gc-hero__icon-link\" href=\"#\">\n                                    <div class=\"gc-hero__icon-wrapper\">\n                                        <img decoding=\"async\" width=\"25\" height=\"24\" src=\"https:\/\/cdn.theoutsidercoast.be\/wp-content\/uploads\/sites\/5\/Vector-3.svg\" class=\"gc-hero__icon\" alt=\"\" \/>                                    <\/div>\n                                    <div class=\"h6\">Entreprises<\/div>\n                                <\/a>\n                                                            <a class=\"gc-hero__icon-link\" href=\"#\">\n                                    <div class=\"gc-hero__icon-wrapper\">\n                                        <img decoding=\"async\" width=\"30\" height=\"24\" src=\"https:\/\/cdn.theoutsidercoast.be\/wp-content\/uploads\/sites\/5\/Vector-4.svg\" class=\"gc-hero__icon\" alt=\"\" \/>                                    <\/div>\n                                    <div class=\"h6\">\u00c9COLES ET TRAVAIL DE JEUNESSE<\/div>\n                                <\/a>\n                                                    <\/div>\n                    \n                    <form class=\"gc-hero__search\" action=\"https:\/\/chaudfontaine.theoutsidercoast.be\/?page_id=748#activitie\" method=\"GET\">\n                        <svg class='gc-hero__search-icon' width=\"24\" height=\"25\" viewBox=\"0 0 24 25\" fill=\"none\" xmlns=\"http:\/\/www.w3.org\/2000\/svg\">\n<path d=\"M10 18.7402C11.775 18.7399 13.4988 18.1457 14.897 17.0522L19.293 21.4482L20.707 20.0342L16.311 15.6382C17.405 14.2399 17.9996 12.5157 18 10.7402C18 6.32923 14.411 2.74023 10 2.74023C5.589 2.74023 2 6.32923 2 10.7402C2 15.1512 5.589 18.7402 10 18.7402ZM10 4.74023C13.309 4.74023 16 7.43123 16 10.7402C16 14.0492 13.309 16.7402 10 16.7402C6.691 16.7402 4 14.0492 4 10.7402C4 7.43123 6.691 4.74023 10 4.74023Z\" \/>\n<\/svg>\n                        <input x-data x-init=\"if (\/Mobi|Android\/i.test(navigator.userAgent)) $el.placeholder = 'Search activity'\" class=\"gc-hero__search-input\" type=\"search\"\n                            placeholder=\"What activity are you looking for?\" name=\"search\" \/>\n                    <\/form>\n                <\/div>\n                    <\/div>\n<\/div>\n\n            <video  src=\"https:\/\/chaudfontaine.theoutsidercoast.be\/wp-content\/uploads\/sites\/5\/Outsider-Chaudfontaine-V1-1.mp4\" autoplay muted playsinline loop class=\"gc-hero__image\"><\/video>\n    <\/div>\n\n    \n    <\/section>\n<!--\n Title: Icon List With Description\n-->\n\n\n<section class=\"gc-section gc-section--negative-margin-bottom gc-section-- gc-section--background-image gc-section--special-image\">\n                        <div class=\"gc-section__separator-spacer\"><\/div>\n            \n    <div\n        class=\"gc-section__inner gc-ilwd\">\n        <!--\n    Title: Container\n    Mode: preview\n    SupportsJSX: true\n    Blueprint: false\n-->\n\n\n<div class=\"gc-container gc-container--has-padding gc-ilwd__container\"\n    >\n    <div>\n            <div class=\"gc-ilwd__uppertitle fs-zilla-small\">\u00e0 propos de l&#039;outsider<\/div>\n            <h2 class=\"gc-ilwd__title\">\n                Bienvenue dans cette ancienne forteresse de guerre pour une aventure entre nature et histoire.\n            <\/h2>\n            <div class=\"gc-ilwd__description\"><p>L&#8217;Outsider est l\u00e0 pour tout le monde. Participez \u00e0 un voyage d&#8217;aventure en famille, \u00e0 une sortie scolaire, \u00e0 une journ\u00e9e sportive ou \u00e0 un solide team building dans la nature. <\/p>\n<p>Nos activit\u00e9s sont accessibles, amusantes pour les jeunes et les moins jeunes et souvent un peu stimulantes.<\/p>\n<p>Envie d&#8217;une journ\u00e9e pleine d&#8217;action \u00e0 Chaudfontaine ? R\u00e9servez vite votre moment en plein air dans notre forteresse de guerre historique. <\/p>\n<p>L&#8217;aventure commence ici !<\/p>\n<\/div>\n        <\/div>\n        <div class=\"gc-ilwd__icons\">\n                            <div>\n                    <img decoding=\"async\" width=\"30\" height=\"30\" src=\"https:\/\/cdn.theoutsidercoast.be\/wp-content\/uploads\/sites\/5\/Icon-wegwijzers.svg\" class=\"gc-ilwd__icon\" alt=\"\" \/>                    <h3 class=\"gc-ilwd__item-title h5\">Activit\u00e9s<\/h3>\n                    <div class=\"gc-ilwd__item-description\"><p>De la bataille laser au tir \u00e0 l&#8217;arc, vous trouverez ici une gamme compl\u00e8te d&#8217;activit\u00e9s pour les jeunes et les moins jeunes !<\/p>\n<\/div>\n                                    <\/div>\n                            <div>\n                    <img decoding=\"async\" width=\"29\" height=\"29\" src=\"https:\/\/cdn.theoutsidercoast.be\/wp-content\/uploads\/sites\/5\/Icon-emoji.svg\" class=\"gc-ilwd__icon\" alt=\"\" \/>                    <h3 class=\"gc-ilwd__item-title h5\">F\u00eates d&#039;anniversaire pour enfants<\/h3>\n                    <div class=\"gc-ilwd__item-description\"><p>Pr\u00e9parez-vous \u00e0 l&#8217;action, \u00e0 l&#8217;aventure et \u00e0 une f\u00eate inoubliable !<\/p>\n<\/div>\n                                    <\/div>\n                            <div>\n                    <img decoding=\"async\" width=\"28\" height=\"25\" src=\"https:\/\/cdn.theoutsidercoast.be\/wp-content\/uploads\/sites\/5\/Icon-personen.svg\" class=\"gc-ilwd__icon\" alt=\"\" \/>                    <h3 class=\"gc-ilwd__item-title h5\">Team building pour les entreprises<\/h3>\n                    <div class=\"gc-ilwd__item-description\"><p>Faites bouger vos coll\u00e8gues et mettez votre coop\u00e9ration \u00e0 l&#8217;\u00e9preuve lors d&#8217;un exercice de renforcement de l&#8217;esprit d&#8217;\u00e9quipe au fort.<\/p>\n<\/div>\n                                    <\/div>\n                            <div>\n                    <img decoding=\"async\" width=\"28\" height=\"28\" src=\"https:\/\/cdn.theoutsidercoast.be\/wp-content\/uploads\/sites\/5\/Icon-feest-1.svg\" class=\"gc-ilwd__icon\" alt=\"\" \/>                    <h3 class=\"gc-ilwd__item-title h5\">Organiser un enterrement de vie de gar\u00e7on<\/h3>\n                    <div class=\"gc-ilwd__item-description\"><p>Trouvez la combinaison parfaite entre activit\u00e9 et d\u00e9tente pour un enterrement de vie de gar\u00e7on r\u00e9ussi.<\/p>\n<\/div>\n                                    <\/div>\n                    <\/div>\n<\/div>\n    <\/div>\n\n    \n            <div class=\"gc-section__background-image-wrapper\">\n            <img decoding=\"async\" src=\"https:\/\/chaudfontaine.theoutsidercoast.be\/wp-content\/themes\/growl\/assets\/images\/background-brown.jpg\" class=\"gc-section__background-image\" alt=\"\" \/>        <\/div>\n    <\/section>\n\n<p><\/p>\n","protected":false},"excerpt":{"rendered":"","protected":false},"author":1,"featured_media":0,"parent":0,"menu_order":0,"comment_status":"closed","ping_status":"closed","template":"","meta":{"_acf_changed":false,"footnotes":""},"class_list":["post-16959","page","type-page","status-publish","hentry"],"acf":[],"_links":{"self":[{"href":"https:\/\/chaudfontaine.theoutsidercoast.be\/fr\/wp-json\/wp\/v2\/pages\/16959","targetHints":{"allow":["GET"]}}],"collection":[{"href":"https:\/\/chaudfontaine.theoutsidercoast.be\/fr\/wp-json\/wp\/v2\/pages"}],"about":[{"href":"https:\/\/chaudfontaine.theoutsidercoast.be\/fr\/wp-json\/wp\/v2\/types\/page"}],"author":[{"embeddable":true,"href":"https:\/\/chaudfontaine.theoutsidercoast.be\/fr\/wp-json\/wp\/v2\/users\/1"}],"replies":[{"embeddable":true,"href":"https:\/\/chaudfontaine.theoutsidercoast.be\/fr\/wp-json\/wp\/v2\/comments?post=16959"}],"version-history":[{"count":1,"href":"https:\/\/chaudfontaine.theoutsidercoast.be\/fr\/wp-json\/wp\/v2\/pages\/16959\/revisions"}],"predecessor-version":[{"id":16960,"href":"https:\/\/chaudfontaine.theoutsidercoast.be\/fr\/wp-json\/wp\/v2\/pages\/16959\/revisions\/16960"}],"wp:attachment":[{"href":"https:\/\/chaudfontaine.theoutsidercoast.be\/fr\/wp-json\/wp\/v2\/media?parent=16959"}],"curies":[{"name":"wp","href":"https:\/\/api.w.org\/{rel}","templated":true}]}}